{"id":2,"date":"2010-06-18T20:51:35","date_gmt":"2010-06-18T20:51:35","guid":{"rendered":"http:\/\/www.valerioconti.com\/blog\/?page_id=2"},"modified":"2011-06-13T15:09:04","modified_gmt":"2011-06-13T15:09:04","slug":"about","status":"publish","type":"page","link":"https:\/\/www.valerioconti.com\/blog\/about\/","title":{"rendered":"Mission"},"content":{"rendered":"<p>La mia missione qui \u00e8 molto semplice: fornire eccellente contenuto, consigli e approfondimenti sull&#8217;info-business e non solo, aggiornamenti sugli ultimi rumors, nonch\u00e8 news dall&#8217;infomarketing nel mondo, informazioni underground che solitamente qui in Italia passano inosservate.<\/p>\n<p>Il mio scopo ultimo \u00e8 aiutare nel mio piccolo le persone a &#8220;lanciarsi online&#8221;, guadagnare di\u00a0 pi\u00f9 e poter un domani mollare un lavoro che detestano e che sono costretti a fare per &#8220;sopravvivere&#8221;..  per poi vivere finanziariamente liberi!<\/p>\n<p>Spero di poter arrecare integrit\u00e0, valore e dignit\u00e0 al mercato, mentre cercher\u00f2 di innovare, creare e testare nuove formule che dimostrino di funzionare a beneficio di tutti.<\/p>\n<p>Con un atteggiamento positivo e la passione per la gente, la mia missione \u00e8 di dare &#8230; e aiutare coloro che si battono per creare una vita migliore intorno a noi, ogni giorno della nostra esistenza<\/p>\n<p>Valerio Conti<\/p>\n","protected":false},"excerpt":{"rendered":"<p>La mia missione qui \u00e8 molto semplice: fornire eccellente contenuto, consigli e approfondimenti sull&#8217;info-business e non solo, aggiornamenti sugli ultimi rumors, nonch\u00e8 news dall&#8217;infomarketing nel mondo, informazioni underground che solitamente qui in Italia passano inosservate. Il mio scopo ultimo \u00e8 aiutare nel mio piccolo le persone a &#8220;lanciarsi online&#8221;, guadagnare di\u00a0 pi\u00f9 e poter un<a class=\"more-link\" href=\"https:\/\/www.valerioconti.com\/blog\/about\/\">Leggi tutto<\/a><\/p>\n","protected":false},"author":1,"featured_media":0,"parent":0,"menu_order":0,"comment_status":"closed","ping_status":"open","template":"","meta":{"footnotes":""},"class_list":["post-2","page","type-page","status-publish","hentry"],"_links":{"self":[{"href":"https:\/\/www.valerioconti.com\/blog\/wp-json\/wp\/v2\/pages\/2","targetHints":{"allow":["GET"]}}],"collection":[{"href":"https:\/\/www.valerioconti.com\/blog\/wp-json\/wp\/v2\/pages"}],"about":[{"href":"https:\/\/www.valerioconti.com\/blog\/wp-json\/wp\/v2\/types\/page"}],"author":[{"embeddable":true,"href":"https:\/\/www.valerioconti.com\/blog\/wp-json\/wp\/v2\/users\/1"}],"replies":[{"embeddable":true,"href":"https:\/\/www.valerioconti.com\/blog\/wp-json\/wp\/v2\/comments?post=2"}],"version-history":[{"count":4,"href":"https:\/\/www.valerioconti.com\/blog\/wp-json\/wp\/v2\/pages\/2\/revisions"}],"predecessor-version":[{"id":8,"href":"https:\/\/www.valerioconti.com\/blog\/wp-json\/wp\/v2\/pages\/2\/revisions\/8"}],"wp:attachment":[{"href":"https:\/\/www.valerioconti.com\/blog\/wp-json\/wp\/v2\/media?parent=2"}],"curies":[{"name":"wp","href":"https:\/\/api.w.org\/{rel}","templated":true}]}}