{"id":1618,"date":"2012-10-02T23:05:00","date_gmt":"2012-10-02T23:05:00","guid":{"rendered":"http:\/\/www.valerioconti.com\/blog\/?page_id=1618"},"modified":"2018-08-28T00:30:01","modified_gmt":"2018-08-28T00:30:01","slug":"formazione-gratuita","status":"publish","type":"page","link":"https:\/\/www.valerioconti.com\/blog\/formazione-gratuita\/","title":{"rendered":"Formazione Gratuita"},"content":{"rendered":"<h3>Perch\u00e8 una pagina dedicata alle risorse gratuite?<\/h3>\n<p>Molte persone imparano e memorizzano meglio se apprendono in un formato diverso da un semplice articolo. Altri hanno bisogno di vedere e sentire per capire. Altri ancora, semplicemente non possono investire nella loro formazione, per lo meno nelle fasi iniziali.<\/p>\n<p><em>E allora ecco che ti viene in aiuto questa pagina del blog:<\/em><\/p>\n<ul>\n<li><span style=\"color: #333333;\">Qui condivider\u00f2 con te risorse, training, e tutorial del tutto gratuiti, non solo miei, ma anche di altri autori che reputer\u00f2 utili per la tua formazione di Internet Marketer. Ogni volta che creer\u00f2 una nuova risorsa utile la aggiunger\u00f2 qui. Inoltre ogni volta che scoprir\u00f2 nuove risorse utili di altri le aggiunger\u00f2 nella sezione apposita in basso.<\/span><\/li>\n<\/ul>\n<ul>\n<li><span style=\"color: #333333;\">Contemporaneamente, invito chiunque a segnalarmi nuove risorse utili. Se per esempio hai creato tu stesso dei report, tutorial e materiale utile per la comunity che vuoi condividere e che pensi possa essere di aiuto alle persone, ti invito a scrivermi via email.<\/span><\/li>\n<\/ul>\n<ul>\n<li><span style=\"color: #333333;\">Prender\u00f2 visione del materiale, sia audio, video, pdf, e se lo ritterr\u00f2 altamente formativo lo piazzer\u00f2 nella sezione &#8220;formazione extra&#8221; affinch\u00e8 chiunque possa trarne beneficio.<\/span><\/li>\n<\/ul>\n<p>&nbsp;<\/p>\n<h4><strong>OBBLIGATORIO: Leggi qui prima<br \/>\n<\/strong><\/h4>\n<ul>\n<li><a href=\"http:\/\/www.valerioconti.com\/guadagnare-online\/scienza-del-fallimento.pdf\" target=\"_blank\" rel=\"noopener\">La scienza del fallimento<\/a><\/li>\n<li><a href=\"http:\/\/www.valerioconti.com\/guadagnare-online\/la-politica-della-carenza.pdf\">La Reale Causa Della Crisi E Come Supearla<\/a><\/li>\n<\/ul>\n<p>&nbsp;<\/p>\n<h4><span style=\"color: #333333;\">Risorse Gratuite di Valerio Conti da cui puoi iniziare<\/span><\/h4>\n<ul>\n<li><a href=\"http:\/\/www.valerioconti.com\/guadagnare-online\/presell-formula.pdf\" target=\"_blank\" rel=\"noopener\">La Formula Segreta Della Pre-vendita<\/a><\/li>\n<li><a href=\"http:\/\/www.valerioconti.com\/guadagnare-online\/14-risposte-listmarketing.pdf\">14 Domande e Risposte Sul List Marketing<\/a><\/li>\n<li><a href=\"http:\/\/www.valerioconti.com\/guadagnare-online\/IM-Start-Up - 18-Q&amp;A.pdf\">Internet Marketing Start-up: 18 Domande e Risposte<\/a><\/li>\n<li><a href=\"http:\/\/www.valerioconti.com\/guadagnare-online\/followup-marketing.pdf\" target=\"_blank\" rel=\"noopener\">Swipe Files: 2 Email killer Per Creare Brand + Reputazione<\/a><\/li>\n<li><a href=\"http:\/\/www.valerioconti.com\/guadagnare-online\/6-trucchi-produttivita.pdf\" target=\"_blank\" rel=\"noopener\">6 Trucchi Per Aumentare La Tua Produttivit\u00e0 In 48 Ore <\/a><\/li>\n<li><a href=\"http:\/\/www.valerioconti.com\/guadagnare-online\/listbuilding-verita.pdf\" target=\"_blank\" rel=\"noopener\">List Building &#8211; Cosa Non Ti Dicono I Marketer Sulle Liste<\/a><\/li>\n<li><a href=\"http:\/\/www.valerioconti.com\/guadagnare-online\/3-regole-del-prezzo.pdf\" target=\"_blank\" rel=\"noopener\">3 Regole Da Seguire Per Dare Il Giusto Prezzo Ai Tuoi Prodotti<\/a><\/li>\n<li><a href=\"http:\/\/www.valerioconti.com\/guadagnare-online\/7-domande-landing.pdf\" target=\"_blank\" rel=\"noopener\">7 Domande Da Farti Prima Di Creare Qualsiasi Landing Page<\/a><\/li>\n<\/ul>\n<p>&nbsp;<\/p>\n<h4><span style=\"color: #333333;\">Risorse <span style=\"text-decoration: underline;\">Video<\/span> Importanti da Visionare Immediatamente<\/span><\/h4>\n<ul>\n<li><a href=\"http:\/\/www.youtube.com\/watch?v=J5Kow-CG5bY&amp;list=UUHLultMV3Hwqiiy4U1nRhpQ&amp;index=4&amp;feature=plcp\" target=\"_blank\" rel=\"noopener\">Come Imparare a Usare Aweber GRATIS<\/a><\/li>\n<li><a href=\"http:\/\/www.youtube.com\/watch?feature=player_embedded&amp;v=9_LZbUjYTHI#!\">Come Usare Filezilla Per Caricare Pagine Online<\/a><\/li>\n<li><a href=\"http:\/\/www.youtube.com\/watch?v=QrdLngsTBPw&amp;list=UU9g8wg80mgLNhlWJ9KaP5sA&amp;index=3&amp;feature=plcp\" target=\"_blank\" rel=\"noopener\">WordPress ABC Essenziale Da Sapere<\/a><\/li>\n<\/ul>\n<p>&nbsp;<\/p>\n<h4><span style=\"color: #333333;\"><strong>Anteprime dei nostri corsi avazati<\/strong><\/span><\/h4>\n<ul>\n<li><a href=\"http:\/\/segreti-squeezepage.com\" target=\"_blank\" rel=\"noopener\">4 Lezioni Gratuite per CREARE e MONETIZZARE la Tua Lista Velocemente&#8230;.<\/a><\/li>\n<li><a href=\"http:\/\/www.reportmarketing.net\/35blog\/\" target=\"_blank\" rel=\"noopener\">7 Subdoli Trucchi per Fare Profitto da Qualsiasi Blog in Qualunque Mercato<\/a><\/li>\n<\/ul>\n<p>&nbsp;<\/p>\n<h4>Pubblicazioni Di Valerio Conti Per Altri Blog<\/h4>\n<ul>\n<li><a href=\"http:\/\/www.valerioconti.com\/guadagnare-online\/tutti-i-guest%20post-di-valerio-conti.pdf\" target=\"_blank\" rel=\"noopener\">Clicca Per Scaricare Tutti i Guest Post di Valerio Conti<\/a><\/li>\n<\/ul>\n<p>&nbsp;<\/p>\n<p>Ti serve un tutorial specifico che non riesci a trovare? Vuoi che lo aggiungo a questa pagina? Fammelo sapere nei commenti qui sotto&#8230;<\/p>\n","protected":false},"excerpt":{"rendered":"<p>Perch\u00e8 una pagina dedicata alle risorse gratuite? Molte persone imparano e memorizzano meglio se apprendono in un formato diverso da un semplice articolo. Altri hanno bisogno di vedere e sentire per capire. Altri ancora, semplicemente non possono investire nella loro formazione, per lo meno nelle fasi iniziali. E allora ecco che ti viene in aiuto<a class=\"more-link\" href=\"https:\/\/www.valerioconti.com\/blog\/formazione-gratuita\/\">Leggi tutto<\/a><\/p>\n","protected":false},"author":1,"featured_media":0,"parent":0,"menu_order":1,"comment_status":"open","ping_status":"open","template":"","meta":{"footnotes":""},"class_list":["post-1618","page","type-page","status-publish","hentry"],"_links":{"self":[{"href":"https:\/\/www.valerioconti.com\/blog\/wp-json\/wp\/v2\/pages\/1618","targetHints":{"allow":["GET"]}}],"collection":[{"href":"https:\/\/www.valerioconti.com\/blog\/wp-json\/wp\/v2\/pages"}],"about":[{"href":"https:\/\/www.valerioconti.com\/blog\/wp-json\/wp\/v2\/types\/page"}],"author":[{"embeddable":true,"href":"https:\/\/www.valerioconti.com\/blog\/wp-json\/wp\/v2\/users\/1"}],"replies":[{"embeddable":true,"href":"https:\/\/www.valerioconti.com\/blog\/wp-json\/wp\/v2\/comments?post=1618"}],"version-history":[{"count":30,"href":"https:\/\/www.valerioconti.com\/blog\/wp-json\/wp\/v2\/pages\/1618\/revisions"}],"predecessor-version":[{"id":5224,"href":"https:\/\/www.valerioconti.com\/blog\/wp-json\/wp\/v2\/pages\/1618\/revisions\/5224"}],"wp:attachment":[{"href":"https:\/\/www.valerioconti.com\/blog\/wp-json\/wp\/v2\/media?parent=1618"}],"curies":[{"name":"wp","href":"https:\/\/api.w.org\/{rel}","templated":true}]}}