{"id":10,"date":"2011-06-11T13:31:38","date_gmt":"2011-06-11T13:31:38","guid":{"rendered":"http:\/\/www.valerioconti.com\/blog\/?page_id=10"},"modified":"2022-04-10T05:48:22","modified_gmt":"2022-04-10T03:48:22","slug":"chi-sono","status":"publish","type":"page","link":"https:\/\/www.valerioconti.com\/blog\/chi-sono\/","title":{"rendered":"Chi sono"},"content":{"rendered":"<h3>Chi diavolo \u00e8 Valerio Conti?<\/h3>\n<p><strong>Valerio Conti \u00e8 <\/strong>l&#8217;inventore del concetto di<strong> <em>&#8220;infoprodotto dinamico&#8221;<\/em>, <\/strong>creatore della<em> leggendaria<\/em><strong><em> &#8220;super report formula<\/em>&#8220;.<\/strong> Dopo aver studiato Infomarketing per 18 ore al giorno per 3 anni di seguito \u00e8 arrivato a una sintesi fondamentale:<\/p>\n<p>Qualsiasi <strong>infoprodotto<\/strong>, a prescindere dall&#8217;ampiezza del contenuto, pu\u00f2 facilmente essere ridotto e condensato in un succoso e denso &#8220;report&#8221; di 12-18 pagine al massimo. Ci\u00f2 che conta davvero non \u00e8 tanto il \u201cformato\u201d (scritto \/ audio \/ video), ma la rapidit\u00e0 d\u2019azione e l\u2019efficacia con cui i contenuti riescono a coinvolgere, motivare e smuovere le persone che li \u201cconsumano\u201d.<\/p>\n<p><em>A tal proposito Valerio scrive:<\/em><\/p>\n<blockquote><p>&#8220;Dammi qualsiasi infoprodotto di 200-350 pagine, e ti dimostro come tutta l&#8217;informazione utile possa facilmente essere ridotta ad una dozzina di pagine senza eccezioni.&#8221;<\/p><\/blockquote>\n<p>In Italia il concetto di <strong><em>&#8220;report marketing&#8221;<\/em><\/strong> \u00e8 ancora praticamente sconosciuto.<\/p>\n<p>Questa nuova idea di marketing ha stravolto totalmente le fondamenta del vecchio modello di business introducendo un nuovo livello di apprendimento, una nuova categoria di Infoprodotti, detti appunto &#8220;super reports&#8221;, Infoprodotti ad altissima densit\u00e0 di contenuto, modellati costantemente sulle esigenze del mercato (e per questo anche dinamici..)<\/p>\n<p>Il Report Marketing ha in se tutti i punti di forza dell&#8217;Infomarketing, ma con una serie di aggiunte importanti. Ecco le principali:<strong><br \/>\n<\/strong><\/p>\n<ul>\n<li><span style=\"color: #333333;\">Gli infoprodotti diventano DINAMICI<\/span><\/li>\n<li><span style=\"color: #333333;\">Sono pi\u00f9 FACILI da consumare<\/span><\/li>\n<li><span style=\"color: #333333;\">Sono pi\u00f9 SEMPLICI da capire<\/span><\/li>\n<li><span style=\"color: #333333;\">Sono pi\u00f9 VELOCI da assimilare<\/span><\/li>\n<li><span style=\"color: #333333;\">Ottieni RISULTATI pi\u00f9 rapidamente<\/span><\/li>\n<\/ul>\n<h4 style=\"text-align: center;\"><span style=\"text-decoration: underline; color: #333333;\">Le 7 caratteristiche del super report<\/span><\/h4>\n<blockquote>\n<ol>\n<li>E&#8217; fluido, veloce e sintetico<\/li>\n<li>E&#8217; ad altissima densit\u00e0 informativa<\/li>\n<li>E&#8217; pi\u00f9 semplice da capire<\/li>\n<li>E&#8217; pi\u00f9 facile da ricordare<\/li>\n<li>Ha un contenuto pi\u00f9 dinamico<\/li>\n<li>E pi\u00f9 orientato all&#8217;azione e al risultato<\/li>\n<li>E&#8217; super-focalizzato (1 probl- 1 soluz)<\/li>\n<\/ol>\n<\/blockquote>\n<p>Questi 7 attributi sono i capisaldi del report marketing.<\/p>\n<p>Proprio per questo per\u00f2, ideare ed edificare un business fondato sul modello dei SUPER REPORT non \u00e8 per tutti, ma solo per chi ha imparato la lezione dell&#8217;infomarketing meglio dei cosi chiamati GURU&#8230;<\/p>\n<h3>Quale \u00e8 la mission di questo blog?<\/h3>\n<p>La mia missione qui \u00e8 molto semplice: fornire eccellente contenuto, consigli e approfondimenti sull\u2019info-business e non solo, aggiornamenti sugli ultimi rumors, nonch\u00e8 news dall\u2019infomarketing nel mondo, informazioni underground che solitamente qui in Italia passano inosservate.<\/p>\n<p>Il mio scopo ultimo \u00e8 aiutare nel mio piccolo le persone a \u201clanciarsi online\u201d, guadagnare di\u00a0 pi\u00f9 e poter un domani mollare un lavoro che detestano e che sono costretti a fare per \u201csopravvivere\u201d.. per poi vivere finanziariamente liberi!<\/p>\n<p>Spero di poter arrecare integrit\u00e0, valore e dignit\u00e0 al mercato, mentre cercher\u00f2 di innovare, creare e testare nuove formule che dimostrino di funzionare a beneficio di tutti.<\/p>\n<p>Con un atteggiamento positivo e la passione per la gente, la mia missione \u00e8 di dare \u2026 e aiutare coloro che si battono per creare una vita migliore intorno a noi, ogni giorno della nostra esistenza<\/p>\n<p>Valerio Conti<\/p>\n","protected":false},"excerpt":{"rendered":"<p>Chi diavolo \u00e8 Valerio Conti? Valerio Conti \u00e8 l&#8217;inventore del concetto di &#8220;infoprodotto dinamico&#8221;, creatore della leggendaria &#8220;super report formula&#8220;. Dopo aver studiato Infomarketing per 18 ore al giorno per 3 anni di seguito \u00e8 arrivato a una sintesi fondamentale: Qualsiasi infoprodotto, a prescindere dall&#8217;ampiezza del contenuto, pu\u00f2 facilmente essere ridotto e condensato in un<a class=\"more-link\" href=\"https:\/\/www.valerioconti.com\/blog\/chi-sono\/\">Leggi tutto<\/a><\/p>\n","protected":false},"author":1,"featured_media":0,"parent":0,"menu_order":2,"comment_status":"closed","ping_status":"closed","template":"","meta":{"footnotes":""},"class_list":["post-10","page","type-page","status-publish","hentry"],"_links":{"self":[{"href":"https:\/\/www.valerioconti.com\/blog\/wp-json\/wp\/v2\/pages\/10","targetHints":{"allow":["GET"]}}],"collection":[{"href":"https:\/\/www.valerioconti.com\/blog\/wp-json\/wp\/v2\/pages"}],"about":[{"href":"https:\/\/www.valerioconti.com\/blog\/wp-json\/wp\/v2\/types\/page"}],"author":[{"embeddable":true,"href":"https:\/\/www.valerioconti.com\/blog\/wp-json\/wp\/v2\/users\/1"}],"replies":[{"embeddable":true,"href":"https:\/\/www.valerioconti.com\/blog\/wp-json\/wp\/v2\/comments?post=10"}],"version-history":[{"count":26,"href":"https:\/\/www.valerioconti.com\/blog\/wp-json\/wp\/v2\/pages\/10\/revisions"}],"predecessor-version":[{"id":7379,"href":"https:\/\/www.valerioconti.com\/blog\/wp-json\/wp\/v2\/pages\/10\/revisions\/7379"}],"wp:attachment":[{"href":"https:\/\/www.valerioconti.com\/blog\/wp-json\/wp\/v2\/media?parent=10"}],"curies":[{"name":"wp","href":"https:\/\/api.w.org\/{rel}","templated":true}]}}